{"id":683,"date":"2017-07-21T14:20:24","date_gmt":"2017-07-21T11:20:24","guid":{"rendered":"http:\/\/kongre.tzv.org.tr\/2019\/?page_id=683"},"modified":"2022-09-14T12:29:02","modified_gmt":"2022-09-14T09:29:02","slug":"konaklama","status":"publish","type":"page","link":"https:\/\/www.kongre.tzv.org.tr\/2022\/konaklama\/","title":{"rendered":"Konaklama"},"content":{"rendered":"\n<p>Kongreye \u015fehir d\u0131\u015f\u0131ndan gelecek kat\u0131l\u0131mc\u0131lar\u0131m\u0131z a\u015fa\u011f\u0131daki alternatifleri de\u011ferlendirerek konaklama ihtiya\u00e7lar\u0131n\u0131 kar\u015f\u0131layabilirler. Ek olarak 100. Y\u0131l, Balgat, \u00c7ukurambar \u00e7evresindeki alternatifler de de\u011ferlendirilebilir.<\/p>\n\n\n\n<h2 class=\"wp-block-heading\"><strong>ODT\u00dc M\u0130SAF\u0130RHANES\u0130:<\/strong><\/h2>\n\n\n\n<p><strong>Adres:<\/strong> ODT\u00dc \u00dcniversiteler Mah. Dumlup\u0131nar Blv. No:1 06800 \u00c7ankaya Ankara<\/p>\n\n\n\n<p><strong>Rezervasyon ve \u0130leti\u015fim i\u00e7in:<\/strong> (0312) 210 28 90 -91&nbsp;&nbsp;<strong><\/strong><\/p>\n\n\n\n<p><strong>Detayl\u0131 bilgi i\u00e7in:<\/strong> <strong>http:\/\/stm.metu.edu.tr\/misafirhane-iletisim<\/strong><\/p>\n\n\n\n<p><\/p>\n\n\n\n<h2 class=\"wp-block-heading\"><strong>ODT\u00dc AYSEL SABUNCU YA\u015eAM MERKEZ\u0130:<\/strong><\/h2>\n\n\n\n<p><strong>Adres:<\/strong> ODT\u00dc \u00dcniversiteler Mah.Dumlup\u0131nar Blv.No:1 06800<strong><\/strong><\/p>\n\n\n\n<p><strong>Rezervasyon ve \u0130leti\u015fim i\u00e7in:<\/strong> &nbsp;0312 &nbsp;210 6560&nbsp; &nbsp;&nbsp;<strong><\/strong><\/p>\n\n\n\n<p><strong>Detayl\u0131 bilgi i\u00e7in:http:\/\/stm.metu.edu.tr\/asym-iletisim<\/strong><\/p>\n\n\n\n<p><\/p>\n\n\n\n<h2 class=\"wp-block-heading\"><strong>BA\u015eKENT \u00d6\u011eRETMENEV\u0130<\/strong><\/h2>\n\n\n\n<p><strong>Adres:<\/strong> Emniyet Mahallesi, Gazi Hastanesi Kar\u015f\u0131s\u0131, 06560 Be\u015fevler \/ Yenimahalle\/Yenimahalle\/Ankara<strong><\/strong><\/p>\n\n\n\n<p><strong>Rezervasyon ve \u0130leti\u015fim i\u00e7in:<\/strong> &nbsp;(0312) 212 96 40<\/p>\n\n\n\n<p><strong>Konaklama ile ilgili detayl\u0131 bilgi i\u00e7in:<\/strong> https:\/\/baskentogretmenevi.com.tr\/<\/p>\n\n\n\n<p><\/p>\n\n\n\n<h2 class=\"wp-block-heading\"><strong>CLASS OTEL<\/strong><\/h2>\n\n\n\n<p><strong>Adres:<\/strong> Remzi O\u011fuz Ar\u0131k, Bestek\u00e2r Cd. No:64, 06680 \u00c7ankaya\/Ankara<strong><\/strong><\/p>\n\n\n\n<p><strong>Rezervasyon ve \u0130leti\u015fim i\u00e7in:<\/strong> &nbsp;(0312) 466 18 50<strong><\/strong><\/p>\n\n\n\n<p><strong>Konaklama ile ilgili detayl\u0131 bilgi i\u00e7in:<\/strong> <strong>http:\/\/www.classhotel.com.tr\/<\/strong><\/p>\n\n\n\n<p><\/p>\n\n\n\n<h2 class=\"wp-block-heading\"><strong>DAFNE OTEL:<\/strong><\/h2>\n\n\n\n<p><strong>Adres:<\/strong> Balgat, 71545 Sokak Karakusunlar Mahallesi, 06530&nbsp;<strong><\/strong><\/p>\n\n\n\n<p><strong>Rezervasyon ve \u0130leti\u015fim i\u00e7in:<\/strong> &nbsp;(0312) 285 98 88<\/p>\n\n\n\n<p><strong>Konaklama ile ilgili detayl\u0131 bilgi i\u00e7in:<\/strong> http:\/\/www.dafnehotel.com\/<\/p>\n\n\n\n<p><\/p>\n\n\n\n<h2 class=\"wp-block-heading\"><strong>SONNO OTEL:<\/strong><\/h2>\n\n\n\n<p><strong>Adres:<\/strong><strong> <\/strong><strong>&nbsp;<\/strong>Remzi O\u011fuz Ar\u0131k, Tunus Cd. No:52, 06680 \u00c7ankaya\/Ankara<strong><\/strong><\/p>\n\n\n\n<p><strong>Rezervasyon ve \u0130leti\u015fim i\u00e7in:<\/strong>&nbsp;(0312)466 27 27<\/p>\n\n\n\n<p><strong>Konaklama ile ilgili detayl\u0131 bilgi i\u00e7in:<\/strong> http:\/\/www.sonnohotel.com\/<\/p>\n","protected":false},"excerpt":{"rendered":"<p>Kongreye \u015fehir d\u0131\u015f\u0131ndan gelecek kat\u0131l\u0131mc\u0131lar\u0131m\u0131z a\u015fa\u011f\u0131daki alternatifleri de\u011ferlendirerek konaklama ihtiya\u00e7lar\u0131n\u0131 kar\u015f\u0131layabilirler. Ek olarak 100. Y\u0131l, Balgat, \u00c7ukurambar \u00e7evresindeki alternatifler de de\u011ferlendirilebilir. ODT\u00dc M\u0130SAF\u0130RHANES\u0130: Adres: ODT\u00dc \u00dcniversiteler Mah. Dumlup\u0131nar Blv. No:1 06800 \u00c7ankaya Ankara Rezervasyon ve \u0130leti\u015fim i\u00e7in: (0312) 210 28 [&hellip;]<\/p>\n","protected":false},"author":1,"featured_media":0,"parent":0,"menu_order":0,"comment_status":"closed","ping_status":"closed","template":"","meta":{"footnotes":""},"class_list":["post-683","page","type-page","status-publish","hentry"],"_links":{"self":[{"href":"https:\/\/www.kongre.tzv.org.tr\/2022\/wp-json\/wp\/v2\/pages\/683","targetHints":{"allow":["GET"]}}],"collection":[{"href":"https:\/\/www.kongre.tzv.org.tr\/2022\/wp-json\/wp\/v2\/pages"}],"about":[{"href":"https:\/\/www.kongre.tzv.org.tr\/2022\/wp-json\/wp\/v2\/types\/page"}],"author":[{"embeddable":true,"href":"https:\/\/www.kongre.tzv.org.tr\/2022\/wp-json\/wp\/v2\/users\/1"}],"replies":[{"embeddable":true,"href":"https:\/\/www.kongre.tzv.org.tr\/2022\/wp-json\/wp\/v2\/comments?post=683"}],"version-history":[{"count":6,"href":"https:\/\/www.kongre.tzv.org.tr\/2022\/wp-json\/wp\/v2\/pages\/683\/revisions"}],"predecessor-version":[{"id":4831,"href":"https:\/\/www.kongre.tzv.org.tr\/2022\/wp-json\/wp\/v2\/pages\/683\/revisions\/4831"}],"wp:attachment":[{"href":"https:\/\/www.kongre.tzv.org.tr\/2022\/wp-json\/wp\/v2\/media?parent=683"}],"curies":[{"name":"wp","href":"https:\/\/api.w.org\/{rel}","templated":true}]}}